{"id":2732,"date":"2016-09-02T09:28:46","date_gmt":"2016-09-02T09:28:46","guid":{"rendered":"http:\/\/demo.goodlayers.com\/realfactory\/?page_id=2732"},"modified":"2021-02-25T09:14:53","modified_gmt":"2021-02-25T09:14:53","slug":"makaleler","status":"publish","type":"page","link":"https:\/\/www.usuhukuk.com\/en\/articles\/","title":{"rendered":"Articles"},"content":{"rendered":"","protected":false},"excerpt":{"rendered":"","protected":false},"author":1,"featured_media":0,"parent":0,"menu_order":0,"comment_status":"closed","ping_status":"closed","template":"","meta":{"footnotes":""},"class_list":["post-2732","page","type-page","status-publish","hentry"],"yoast_head":"<!-- This site is optimized with the Yoast SEO plugin v16.3 - https:\/\/yoast.com\/wordpress\/plugins\/seo\/ -->\n<title>Makaleler - \u00dcmit S\u00fcha \u00dcnal<\/title>\n<meta name=\"robots\" content=\"index, follow, max-snippet:-1, max-image-preview:large, max-video-preview:-1\" \/>\n<link rel=\"canonical\" href=\"https:\/\/www.usuhukuk.com\/en\/articles\/\" \/>\n<meta property=\"og:locale\" content=\"en_GB\" \/>\n<meta property=\"og:type\" content=\"article\" \/>\n<meta property=\"og:title\" content=\"Makaleler - \u00dcmit S\u00fcha \u00dcnal\" \/>\n<meta property=\"og:url\" content=\"https:\/\/www.usuhukuk.com\/en\/articles\/\" \/>\n<meta property=\"og:site_name\" content=\"\u00dcmit S\u00fcha \u00dcnal\" \/>\n<meta property=\"article:modified_time\" content=\"2021-02-25T09:14:53+00:00\" \/>\n<meta name=\"twitter:card\" content=\"summary_large_image\" \/>\n<script type=\"application\/ld+json\" class=\"yoast-schema-graph\">{\"@context\":\"https:\/\/schema.org\",\"@graph\":[{\"@type\":\"WebSite\",\"@id\":\"https:\/\/www.usuhukuk.com\/en\/#website\",\"url\":\"https:\/\/www.usuhukuk.com\/en\/\",\"name\":\"\\u00dcmit S\\u00fcha \\u00dcnal\",\"description\":\"Avukatl\\u0131k ve Hukuki Dan\\u0131\\u015fmanl\\u0131k\",\"potentialAction\":[{\"@type\":\"SearchAction\",\"target\":\"https:\/\/www.usuhukuk.com\/en\/?s={search_term_string}\",\"query-input\":\"required name=search_term_string\"}],\"inLanguage\":\"en-GB\"},{\"@type\":\"WebPage\",\"@id\":\"https:\/\/www.usuhukuk.com\/en\/articles\/#webpage\",\"url\":\"https:\/\/www.usuhukuk.com\/en\/articles\/\",\"name\":\"Makaleler - \\u00dcmit S\\u00fcha \\u00dcnal\",\"isPartOf\":{\"@id\":\"https:\/\/www.usuhukuk.com\/en\/#website\"},\"datePublished\":\"2016-09-02T09:28:46+00:00\",\"dateModified\":\"2021-02-25T09:14:53+00:00\",\"breadcrumb\":{\"@id\":\"https:\/\/www.usuhukuk.com\/en\/articles\/#breadcrumb\"},\"inLanguage\":\"en-GB\",\"potentialAction\":[{\"@type\":\"ReadAction\",\"target\":[\"https:\/\/www.usuhukuk.com\/en\/articles\/\"]}]},{\"@type\":\"BreadcrumbList\",\"@id\":\"https:\/\/www.usuhukuk.com\/en\/articles\/#breadcrumb\",\"itemListElement\":[{\"@type\":\"ListItem\",\"position\":1,\"item\":{\"@type\":\"WebPage\",\"@id\":\"https:\/\/www.usuhukuk.com\/en\/\",\"url\":\"https:\/\/www.usuhukuk.com\/en\/\",\"name\":\"Ana sayfa\"}},{\"@type\":\"ListItem\",\"position\":2,\"item\":{\"@id\":\"https:\/\/www.usuhukuk.com\/en\/articles\/#webpage\"}}]}]}<\/script>\n<!-- \/ Yoast SEO plugin. -->","_links":{"self":[{"href":"https:\/\/www.usuhukuk.com\/en\/wp-json\/wp\/v2\/pages\/2732","targetHints":{"allow":["GET"]}}],"collection":[{"href":"https:\/\/www.usuhukuk.com\/en\/wp-json\/wp\/v2\/pages"}],"about":[{"href":"https:\/\/www.usuhukuk.com\/en\/wp-json\/wp\/v2\/types\/page"}],"author":[{"embeddable":true,"href":"https:\/\/www.usuhukuk.com\/en\/wp-json\/wp\/v2\/users\/1"}],"replies":[{"embeddable":true,"href":"https:\/\/www.usuhukuk.com\/en\/wp-json\/wp\/v2\/comments?post=2732"}],"version-history":[{"count":4,"href":"https:\/\/www.usuhukuk.com\/en\/wp-json\/wp\/v2\/pages\/2732\/revisions"}],"predecessor-version":[{"id":7759,"href":"https:\/\/www.usuhukuk.com\/en\/wp-json\/wp\/v2\/pages\/2732\/revisions\/7759"}],"wp:attachment":[{"href":"https:\/\/www.usuhukuk.com\/en\/wp-json\/wp\/v2\/media?parent=2732"}],"curies":[{"name":"wp","href":"https:\/\/api.w.org\/{rel}","templated":true}]}}