{"id":7089,"date":"2019-11-01T05:56:31","date_gmt":"2019-11-01T05:56:31","guid":{"rendered":"https:\/\/demo.goodlayers.com\/attorna\/homepages\/redfirm\/?page_id=7089"},"modified":"2023-08-26T11:58:18","modified_gmt":"2023-08-26T11:58:18","slug":"anasayfa","status":"publish","type":"page","link":"https:\/\/www.usuhukuk.com\/en\/","title":{"rendered":"Homepage"},"content":{"rendered":"","protected":false},"excerpt":{"rendered":"","protected":false},"author":1,"featured_media":7622,"parent":0,"menu_order":0,"comment_status":"closed","ping_status":"closed","template":"","meta":{"footnotes":""},"class_list":["post-7089","page","type-page","status-publish","has-post-thumbnail","hentry"],"yoast_head":"<!-- This site is optimized with the Yoast SEO plugin v16.3 - https:\/\/yoast.com\/wordpress\/plugins\/seo\/ -->\n<title>\u00dcmit S\u00fcha \u00dcnal - Avukatl\u0131k ve Hukuki Dan\u0131\u015fmanl\u0131k<\/title>\n<meta name=\"description\" content=\"Ankara\u2019da yer alan hukuk b\u00fcromuzda g\u00fcvenilir hizmet ve bilgi sa\u011flamay\u0131; m\u00fcvekkillerimizin g\u00fc\u00e7l\u00fc bir dayana\u011f\u0131 olmay\u0131 ilke edindik.\" \/>\n<meta name=\"robots\" content=\"index, follow, max-snippet:-1, max-image-preview:large, max-video-preview:-1\" \/>\n<link rel=\"canonical\" href=\"https:\/\/www.usuhukuk.com\/en\/\" \/>\n<meta property=\"og:locale\" content=\"en_GB\" \/>\n<meta property=\"og:type\" content=\"article\" \/>\n<meta property=\"og:title\" content=\"\u00dcmit S\u00fcha \u00dcnal - Avukatl\u0131k ve Hukuki Dan\u0131\u015fmanl\u0131k\" \/>\n<meta property=\"og:description\" content=\"Ankara\u2019da yer alan hukuk b\u00fcromuzda g\u00fcvenilir hizmet ve bilgi sa\u011flamay\u0131; m\u00fcvekkillerimizin g\u00fc\u00e7l\u00fc bir dayana\u011f\u0131 olmay\u0131 ilke edindik.\" \/>\n<meta property=\"og:url\" content=\"https:\/\/www.usuhukuk.com\/en\/\" \/>\n<meta property=\"og:site_name\" content=\"\u00dcmit S\u00fcha \u00dcnal\" \/>\n<meta property=\"article:modified_time\" content=\"2023-08-26T11:58:18+00:00\" \/>\n<meta property=\"og:image\" content=\"https:\/\/www.usuhukuk.com\/wp-content\/uploads\/2020\/11\/usu.jpg\" \/>\n\t<meta property=\"og:image:width\" content=\"1920\" \/>\n\t<meta property=\"og:image:height\" content=\"1280\" \/>\n<meta name=\"twitter:card\" content=\"summary_large_image\" \/>\n<meta name=\"twitter:title\" content=\"\u00dcmit S\u00fcha \u00dcnal - Avukatl\u0131k ve Hukuki Dan\u0131\u015fmanl\u0131k\" \/>\n<meta name=\"twitter:description\" content=\"Ankara\u2019da yer alan hukuk b\u00fcromuzda g\u00fcvenilir hizmet ve bilgi sa\u011flamay\u0131; m\u00fcvekkillerimizin g\u00fc\u00e7l\u00fc bir dayana\u011f\u0131 olmay\u0131 ilke edindik.\" \/>\n<meta name=\"twitter:image\" content=\"https:\/\/www.usuhukuk.com\/wp-content\/uploads\/2020\/11\/usu.jpg\" \/>\n<script type=\"application\/ld+json\" class=\"yoast-schema-graph\">{\"@context\":\"https:\/\/schema.org\",\"@graph\":[{\"@type\":\"WebSite\",\"@id\":\"https:\/\/www.usuhukuk.com\/en\/#website\",\"url\":\"https:\/\/www.usuhukuk.com\/en\/\",\"name\":\"\\u00dcmit S\\u00fcha \\u00dcnal\",\"description\":\"Avukatl\\u0131k ve Hukuki Dan\\u0131\\u015fmanl\\u0131k\",\"potentialAction\":[{\"@type\":\"SearchAction\",\"target\":\"https:\/\/www.usuhukuk.com\/en\/?s={search_term_string}\",\"query-input\":\"required name=search_term_string\"}],\"inLanguage\":\"en-GB\"},{\"@type\":\"ImageObject\",\"@id\":\"https:\/\/www.usuhukuk.com\/en\/#primaryimage\",\"inLanguage\":\"en-GB\",\"url\":\"https:\/\/www.usuhukuk.com\/wp-content\/uploads\/2020\/11\/usu.jpg\",\"contentUrl\":\"https:\/\/www.usuhukuk.com\/wp-content\/uploads\/2020\/11\/usu.jpg\",\"width\":1920,\"height\":1280},{\"@type\":\"WebPage\",\"@id\":\"https:\/\/www.usuhukuk.com\/en\/#webpage\",\"url\":\"https:\/\/www.usuhukuk.com\/en\/\",\"name\":\"\\u00dcmit S\\u00fcha \\u00dcnal - Avukatl\\u0131k ve Hukuki Dan\\u0131\\u015fmanl\\u0131k\",\"isPartOf\":{\"@id\":\"https:\/\/www.usuhukuk.com\/en\/#website\"},\"primaryImageOfPage\":{\"@id\":\"https:\/\/www.usuhukuk.com\/en\/#primaryimage\"},\"datePublished\":\"2019-11-01T05:56:31+00:00\",\"dateModified\":\"2023-08-26T11:58:18+00:00\",\"description\":\"Ankara\\u2019da yer alan hukuk b\\u00fcromuzda g\\u00fcvenilir hizmet ve bilgi sa\\u011flamay\\u0131; m\\u00fcvekkillerimizin g\\u00fc\\u00e7l\\u00fc bir dayana\\u011f\\u0131 olmay\\u0131 ilke edindik.\",\"breadcrumb\":{\"@id\":\"https:\/\/www.usuhukuk.com\/en\/#breadcrumb\"},\"inLanguage\":\"en-GB\",\"potentialAction\":[{\"@type\":\"ReadAction\",\"target\":[\"https:\/\/www.usuhukuk.com\/en\/\"]}]},{\"@type\":\"BreadcrumbList\",\"@id\":\"https:\/\/www.usuhukuk.com\/en\/#breadcrumb\",\"itemListElement\":[{\"@type\":\"ListItem\",\"position\":1,\"item\":{\"@type\":\"WebPage\",\"@id\":\"https:\/\/www.usuhukuk.com\/en\/\",\"url\":\"https:\/\/www.usuhukuk.com\/en\/\",\"name\":\"Ana sayfa\"}},{\"@type\":\"ListItem\",\"position\":2,\"item\":{\"@id\":\"https:\/\/www.usuhukuk.com\/en\/#webpage\"}}]}]}<\/script>\n<!-- \/ Yoast SEO plugin. -->","_links":{"self":[{"href":"https:\/\/www.usuhukuk.com\/en\/wp-json\/wp\/v2\/pages\/7089","targetHints":{"allow":["GET"]}}],"collection":[{"href":"https:\/\/www.usuhukuk.com\/en\/wp-json\/wp\/v2\/pages"}],"about":[{"href":"https:\/\/www.usuhukuk.com\/en\/wp-json\/wp\/v2\/types\/page"}],"author":[{"embeddable":true,"href":"https:\/\/www.usuhukuk.com\/en\/wp-json\/wp\/v2\/users\/1"}],"replies":[{"embeddable":true,"href":"https:\/\/www.usuhukuk.com\/en\/wp-json\/wp\/v2\/comments?post=7089"}],"version-history":[{"count":6,"href":"https:\/\/www.usuhukuk.com\/en\/wp-json\/wp\/v2\/pages\/7089\/revisions"}],"predecessor-version":[{"id":8025,"href":"https:\/\/www.usuhukuk.com\/en\/wp-json\/wp\/v2\/pages\/7089\/revisions\/8025"}],"wp:featuredmedia":[{"embeddable":true,"href":"https:\/\/www.usuhukuk.com\/en\/wp-json\/wp\/v2\/media\/7622"}],"wp:attachment":[{"href":"https:\/\/www.usuhukuk.com\/en\/wp-json\/wp\/v2\/media?parent=7089"}],"curies":[{"name":"wp","href":"https:\/\/api.w.org\/{rel}","templated":true}]}}