{"id":1977,"date":"2016-06-10T18:21:35","date_gmt":"2016-06-10T18:21:35","guid":{"rendered":"http:\/\/demo.goodlayers.com\/infinite\/?page_id=1977"},"modified":"2021-10-09T15:19:31","modified_gmt":"2021-10-09T15:19:31","slug":"iletisim","status":"publish","type":"page","link":"https:\/\/www.usuhukuk.com\/ru\/contact\/","title":{"rendered":"\u041a\u043e\u043d\u0442\u0430\u043a\u0442"},"content":{"rendered":"","protected":false},"excerpt":{"rendered":"","protected":false},"author":1,"featured_media":0,"parent":0,"menu_order":0,"comment_status":"closed","ping_status":"closed","template":"","meta":{"footnotes":""},"class_list":["post-1977","page","type-page","status-publish","hentry"],"yoast_head":"<!-- This site is optimized with the Yoast SEO plugin v16.3 - https:\/\/yoast.com\/wordpress\/plugins\/seo\/ -->\n<title>\u0130leti\u015fim - \u00dcmit S\u00fcha \u00dcnal Avukatl\u0131k ve Hukuki Dan\u0131\u015fmanl\u0131k<\/title>\n<meta name=\"description\" content=\"Her t\u00fcrl\u00fc hukuki sorunuz ve talebiniz i\u00e7in bizimle ileti\u015fime ge\u00e7ebilirsiniz.\" \/>\n<meta name=\"robots\" content=\"index, follow, max-snippet:-1, max-image-preview:large, max-video-preview:-1\" \/>\n<link rel=\"canonical\" href=\"https:\/\/www.usuhukuk.com\/ru\/contact\/\" \/>\n<meta property=\"og:locale\" content=\"ru_RU\" \/>\n<meta property=\"og:type\" content=\"article\" \/>\n<meta property=\"og:title\" content=\"\u0130leti\u015fim - \u00dcmit S\u00fcha \u00dcnal Avukatl\u0131k ve Hukuki Dan\u0131\u015fmanl\u0131k\" \/>\n<meta property=\"og:description\" content=\"Her t\u00fcrl\u00fc hukuki sorunuz ve talebiniz i\u00e7in bizimle ileti\u015fime ge\u00e7ebilirsiniz.\" \/>\n<meta property=\"og:url\" content=\"https:\/\/www.usuhukuk.com\/ru\/contact\/\" \/>\n<meta property=\"og:site_name\" content=\"\u00dcmit S\u00fcha \u00dcnal\" \/>\n<meta property=\"article:modified_time\" content=\"2021-10-09T15:19:31+00:00\" \/>\n<meta property=\"og:image\" content=\"https:\/\/www.usuhukuk.com\/wp-content\/uploads\/2020\/11\/usu.jpg\" \/>\n\t<meta property=\"og:image:width\" content=\"1920\" \/>\n\t<meta property=\"og:image:height\" content=\"1280\" \/>\n<meta name=\"twitter:card\" content=\"summary_large_image\" \/>\n<meta name=\"twitter:title\" content=\"\u0130leti\u015fim - \u00dcmit S\u00fcha \u00dcnal Avukatl\u0131k ve Hukuki Dan\u0131\u015fmanl\u0131k\" \/>\n<meta name=\"twitter:description\" content=\"Her t\u00fcrl\u00fc hukuki sorunuz ve talebiniz i\u00e7in bizimle ileti\u015fime ge\u00e7ebilirsiniz.\" \/>\n<meta name=\"twitter:image\" content=\"https:\/\/www.usuhukuk.com\/wp-content\/uploads\/2020\/11\/usu.jpg\" \/>\n<script type=\"application\/ld+json\" class=\"yoast-schema-graph\">{\"@context\":\"https:\/\/schema.org\",\"@graph\":[{\"@type\":\"WebSite\",\"@id\":\"https:\/\/www.usuhukuk.com\/ru\/#website\",\"url\":\"https:\/\/www.usuhukuk.com\/ru\/\",\"name\":\"\\u00dcmit S\\u00fcha \\u00dcnal\",\"description\":\"Avukatl\\u0131k ve Hukuki Dan\\u0131\\u015fmanl\\u0131k\",\"potentialAction\":[{\"@type\":\"SearchAction\",\"target\":\"https:\/\/www.usuhukuk.com\/ru\/?s={search_term_string}\",\"query-input\":\"required name=search_term_string\"}],\"inLanguage\":\"ru-RU\"},{\"@type\":\"ImageObject\",\"@id\":\"https:\/\/www.usuhukuk.com\/ru\/contact\/#primaryimage\",\"inLanguage\":\"ru-RU\",\"url\":\"https:\/\/www.usuhukuk.com\/wp-content\/uploads\/2020\/11\/usu.jpg\",\"contentUrl\":\"https:\/\/www.usuhukuk.com\/wp-content\/uploads\/2020\/11\/usu.jpg\",\"width\":1920,\"height\":1280},{\"@type\":[\"WebPage\",\"ContactPage\"],\"@id\":\"https:\/\/www.usuhukuk.com\/ru\/contact\/#webpage\",\"url\":\"https:\/\/www.usuhukuk.com\/ru\/contact\/\",\"name\":\"\\u0130leti\\u015fim - \\u00dcmit S\\u00fcha \\u00dcnal Avukatl\\u0131k ve Hukuki Dan\\u0131\\u015fmanl\\u0131k\",\"isPartOf\":{\"@id\":\"https:\/\/www.usuhukuk.com\/ru\/#website\"},\"datePublished\":\"2016-06-10T18:21:35+00:00\",\"dateModified\":\"2021-10-09T15:19:31+00:00\",\"description\":\"Her t\\u00fcrl\\u00fc hukuki sorunuz ve talebiniz i\\u00e7in bizimle ileti\\u015fime ge\\u00e7ebilirsiniz.\",\"breadcrumb\":{\"@id\":\"https:\/\/www.usuhukuk.com\/ru\/contact\/#breadcrumb\"},\"inLanguage\":\"ru-RU\",\"potentialAction\":[{\"@type\":\"ReadAction\",\"target\":[\"https:\/\/www.usuhukuk.com\/ru\/contact\/\"]}]},{\"@type\":\"BreadcrumbList\",\"@id\":\"https:\/\/www.usuhukuk.com\/ru\/contact\/#breadcrumb\",\"itemListElement\":[{\"@type\":\"ListItem\",\"position\":1,\"item\":{\"@type\":\"WebPage\",\"@id\":\"https:\/\/www.usuhukuk.com\/ru\/\",\"url\":\"https:\/\/www.usuhukuk.com\/ru\/\",\"name\":\"Ana sayfa\"}},{\"@type\":\"ListItem\",\"position\":2,\"item\":{\"@id\":\"https:\/\/www.usuhukuk.com\/ru\/contact\/#webpage\"}}]}]}<\/script>\n<!-- \/ Yoast SEO plugin. -->","_links":{"self":[{"href":"https:\/\/www.usuhukuk.com\/ru\/wp-json\/wp\/v2\/pages\/1977","targetHints":{"allow":["GET"]}}],"collection":[{"href":"https:\/\/www.usuhukuk.com\/ru\/wp-json\/wp\/v2\/pages"}],"about":[{"href":"https:\/\/www.usuhukuk.com\/ru\/wp-json\/wp\/v2\/types\/page"}],"author":[{"embeddable":true,"href":"https:\/\/www.usuhukuk.com\/ru\/wp-json\/wp\/v2\/users\/1"}],"replies":[{"embeddable":true,"href":"https:\/\/www.usuhukuk.com\/ru\/wp-json\/wp\/v2\/comments?post=1977"}],"version-history":[{"count":5,"href":"https:\/\/www.usuhukuk.com\/ru\/wp-json\/wp\/v2\/pages\/1977\/revisions"}],"predecessor-version":[{"id":7897,"href":"https:\/\/www.usuhukuk.com\/ru\/wp-json\/wp\/v2\/pages\/1977\/revisions\/7897"}],"wp:attachment":[{"href":"https:\/\/www.usuhukuk.com\/ru\/wp-json\/wp\/v2\/media?parent=1977"}],"curies":[{"name":"wp","href":"https:\/\/api.w.org\/{rel}","templated":true}]}}