{"id":7919,"date":"2021-12-10T12:16:11","date_gmt":"2021-12-10T12:16:11","guid":{"rendered":"https:\/\/www.usuhukuk.com\/?page_id=7919"},"modified":"2021-12-10T12:25:14","modified_gmt":"2021-12-10T12:25:14","slug":"ekibimiz","status":"publish","type":"page","link":"https:\/\/www.usuhukuk.com\/ru\/team\/","title":{"rendered":"\u041a\u043e\u043c\u0430\u043d\u0434\u0430"},"content":{"rendered":"","protected":false},"excerpt":{"rendered":"","protected":false},"author":1,"featured_media":0,"parent":0,"menu_order":0,"comment_status":"closed","ping_status":"closed","template":"","meta":{"footnotes":""},"class_list":["post-7919","page","type-page","status-publish","hentry"],"yoast_head":"<!-- This site is optimized with the Yoast SEO plugin v16.3 - https:\/\/yoast.com\/wordpress\/plugins\/seo\/ -->\n<title>Ekibimiz - \u00dcmit S\u00fcha \u00dcnal Avukatl\u0131k ve Hukuki Dan\u0131\u015fmanl\u0131k<\/title>\n<meta name=\"description\" content=\"Her t\u00fcrl\u00fc hukuki sorunuz ve talebiniz i\u00e7in bizimle ileti\u015fime ge\u00e7ebilirsiniz.\" \/>\n<meta name=\"robots\" content=\"index, follow, max-snippet:-1, max-image-preview:large, max-video-preview:-1\" \/>\n<link rel=\"canonical\" href=\"https:\/\/www.usuhukuk.com\/ru\/team\/\" \/>\n<meta property=\"og:locale\" content=\"ru_RU\" \/>\n<meta property=\"og:type\" content=\"article\" \/>\n<meta property=\"og:title\" content=\"Ekibimiz - \u00dcmit S\u00fcha \u00dcnal Avukatl\u0131k ve Hukuki Dan\u0131\u015fmanl\u0131k\" \/>\n<meta property=\"og:description\" content=\"Her t\u00fcrl\u00fc hukuki sorunuz ve talebiniz i\u00e7in bizimle ileti\u015fime ge\u00e7ebilirsiniz.\" \/>\n<meta property=\"og:url\" content=\"https:\/\/www.usuhukuk.com\/ru\/team\/\" \/>\n<meta property=\"og:site_name\" content=\"\u00dcmit S\u00fcha \u00dcnal\" \/>\n<meta property=\"article:modified_time\" content=\"2021-12-10T12:25:14+00:00\" \/>\n<meta property=\"og:image\" content=\"https:\/\/www.usuhukuk.com\/wp-content\/uploads\/2020\/11\/usu.jpg\" \/>\n\t<meta property=\"og:image:width\" content=\"1920\" \/>\n\t<meta property=\"og:image:height\" content=\"1280\" \/>\n<meta name=\"twitter:card\" content=\"summary_large_image\" \/>\n<meta name=\"twitter:title\" content=\"Ekibimiz - \u00dcmit S\u00fcha \u00dcnal Avukatl\u0131k ve Hukuki Dan\u0131\u015fmanl\u0131k\" \/>\n<meta name=\"twitter:description\" content=\"Her t\u00fcrl\u00fc hukuki sorunuz ve talebiniz i\u00e7in bizimle ileti\u015fime ge\u00e7ebilirsiniz.\" \/>\n<meta name=\"twitter:image\" content=\"https:\/\/www.usuhukuk.com\/wp-content\/uploads\/2020\/11\/usu.jpg\" \/>\n<script type=\"application\/ld+json\" class=\"yoast-schema-graph\">{\"@context\":\"https:\/\/schema.org\",\"@graph\":[{\"@type\":\"WebSite\",\"@id\":\"https:\/\/www.usuhukuk.com\/ru\/#website\",\"url\":\"https:\/\/www.usuhukuk.com\/ru\/\",\"name\":\"\\u00dcmit S\\u00fcha \\u00dcnal\",\"description\":\"Avukatl\\u0131k ve Hukuki Dan\\u0131\\u015fmanl\\u0131k\",\"potentialAction\":[{\"@type\":\"SearchAction\",\"target\":\"https:\/\/www.usuhukuk.com\/ru\/?s={search_term_string}\",\"query-input\":\"required name=search_term_string\"}],\"inLanguage\":\"ru-RU\"},{\"@type\":\"ImageObject\",\"@id\":\"https:\/\/www.usuhukuk.com\/ru\/team\/#primaryimage\",\"inLanguage\":\"ru-RU\",\"url\":\"https:\/\/www.usuhukuk.com\/wp-content\/uploads\/2020\/11\/usu.jpg\",\"contentUrl\":\"https:\/\/www.usuhukuk.com\/wp-content\/uploads\/2020\/11\/usu.jpg\",\"width\":1920,\"height\":1280},{\"@type\":[\"WebPage\",\"ContactPage\"],\"@id\":\"https:\/\/www.usuhukuk.com\/ru\/team\/#webpage\",\"url\":\"https:\/\/www.usuhukuk.com\/ru\/team\/\",\"name\":\"Ekibimiz - \\u00dcmit S\\u00fcha \\u00dcnal Avukatl\\u0131k ve Hukuki Dan\\u0131\\u015fmanl\\u0131k\",\"isPartOf\":{\"@id\":\"https:\/\/www.usuhukuk.com\/ru\/#website\"},\"datePublished\":\"2021-12-10T12:16:11+00:00\",\"dateModified\":\"2021-12-10T12:25:14+00:00\",\"description\":\"Her t\\u00fcrl\\u00fc hukuki sorunuz ve talebiniz i\\u00e7in bizimle ileti\\u015fime ge\\u00e7ebilirsiniz.\",\"breadcrumb\":{\"@id\":\"https:\/\/www.usuhukuk.com\/ru\/team\/#breadcrumb\"},\"inLanguage\":\"ru-RU\",\"potentialAction\":[{\"@type\":\"ReadAction\",\"target\":[\"https:\/\/www.usuhukuk.com\/ru\/team\/\"]}]},{\"@type\":\"BreadcrumbList\",\"@id\":\"https:\/\/www.usuhukuk.com\/ru\/team\/#breadcrumb\",\"itemListElement\":[{\"@type\":\"ListItem\",\"position\":1,\"item\":{\"@type\":\"WebPage\",\"@id\":\"https:\/\/www.usuhukuk.com\/ru\/\",\"url\":\"https:\/\/www.usuhukuk.com\/ru\/\",\"name\":\"Ana sayfa\"}},{\"@type\":\"ListItem\",\"position\":2,\"item\":{\"@id\":\"https:\/\/www.usuhukuk.com\/ru\/team\/#webpage\"}}]}]}<\/script>\n<!-- \/ Yoast SEO plugin. -->","_links":{"self":[{"href":"https:\/\/www.usuhukuk.com\/ru\/wp-json\/wp\/v2\/pages\/7919","targetHints":{"allow":["GET"]}}],"collection":[{"href":"https:\/\/www.usuhukuk.com\/ru\/wp-json\/wp\/v2\/pages"}],"about":[{"href":"https:\/\/www.usuhukuk.com\/ru\/wp-json\/wp\/v2\/types\/page"}],"author":[{"embeddable":true,"href":"https:\/\/www.usuhukuk.com\/ru\/wp-json\/wp\/v2\/users\/1"}],"replies":[{"embeddable":true,"href":"https:\/\/www.usuhukuk.com\/ru\/wp-json\/wp\/v2\/comments?post=7919"}],"version-history":[{"count":5,"href":"https:\/\/www.usuhukuk.com\/ru\/wp-json\/wp\/v2\/pages\/7919\/revisions"}],"predecessor-version":[{"id":7934,"href":"https:\/\/www.usuhukuk.com\/ru\/wp-json\/wp\/v2\/pages\/7919\/revisions\/7934"}],"wp:attachment":[{"href":"https:\/\/www.usuhukuk.com\/ru\/wp-json\/wp\/v2\/media?parent=7919"}],"curies":[{"name":"wp","href":"https:\/\/api.w.org\/{rel}","templated":true}]}}